
{"id":3,"date":"2019-01-28T17:45:13","date_gmt":"2019-01-28T17:45:13","guid":{"rendered":"https:\/\/tocusco.com\/?page_id=3"},"modified":"2019-02-20T22:43:38","modified_gmt":"2019-02-20T22:43:38","slug":"politica-privacidad","status":"publish","type":"page","link":"https:\/\/tocusco.com\/en\/politica-privacidad","title":{"rendered":"Privacy Policy"},"content":{"rendered":"<p><\/p>\n<div class=\"page-term__head\">\n<p style=\"text-align: left;\">Al usar nuestra p\u00e1gina web y acceder a cualquiera de nuestros servicios, usted comprende y acepta nuestra pol\u00edtica de privacidad.<\/p>\n<\/div>\n<div class=\"page-term__item\">\n<h2>Qu\u00e9 informaci\u00f3n recopilamos de nuestros clientes.<\/h2>\n<p style=\"text-align: left;\">To Cusco &amp; Q\u2019ente Travel, operador Per\u00fa \u2013 Machupicchu, mediante su p\u00e1gina web recopila informaci\u00f3n personal de sus clientes tales como el nombre completo, edad, nacionalidad, n\u00famero de documento de identidad, numero de pasaporte, tel\u00e9fono personal y direcci\u00f3n de correo electr\u00f3nico. Adem\u00e1s, durante comunicaciones directas con nuestros o potenciales clientes, se podr\u00e1 recopilar informaci\u00f3n que se considere relevante para el desarrollo de itinerarios o mejora de servicio. Se recopilar\u00e1 informaci\u00f3n por medios legales y justos y, cuando corresponda, con el conocimiento y consentimiento de la (s) persona (s) involucradas.<\/p>\n<\/div>\n<div class=\"page-term__item\">\n<h2>C\u00f3mo utilizamos la informaci\u00f3n de nuestros clientes.<\/h2>\n<p style=\"text-align: left;\">Con niveles de seguridad razonables, se utiliza cualquier tipo de informaci\u00f3n de nuestros o potenciales clientes para mejorar el servicio ofrecido en un \u00e1mbito estricto profesional y as\u00ed brindar experiencias de viajes \u00fanicas, as\u00ed como, seg\u00fan los intereses identificados, se puede ofrecer productos y\/o servicios complementarios respetando las decisiones, usos y costumbres de nuestros o potenciales clientes.<\/p>\n<\/div>\n<div class=\"page-term__item\">\n<h2>Nuestro compromiso de privacidad con la informaci\u00f3n personal<\/h2>\n<p style=\"text-align: left;\">Nos comprometemos a proteger razonablemente la informaci\u00f3n recopilada por cualquier medio de comunicaci\u00f3n contra robo, p\u00e9rdida, acceso no autorizado y divulgaci\u00f3n no deseada. La informaci\u00f3n personal ser\u00e1 estrictamente para uso interno, sabemos y comprendemos la importancia de la confidencialidad de los mismos y le agradecemos por la confianza brindada.<\/p>\n<\/div>\n<div class=\"page-term__item\">\n<h2>Respecto a la actualizaci\u00f3n de nuestra pol\u00edtica de privacidad<\/h2>\n<p style=\"text-align: left;\">Debido a los contantes cambios de tecnolog\u00edas, leyes o circunstancia que obliguen o permitan la actualizaci\u00f3n de nuestra pol\u00edtica de privacidad, los involucrados en ese momento ser\u00e1n debidamente informados a la brevedad, de modo que puedan aceptar o rechazar dichos cambios.<\/p>\n<p style=\"text-align: left;\">Si se tiene alguna duda o pregunta, por favor s\u00edrvase escribirnos al correo <a href=\"mailto:info@tocusco.com\"><strong>info@tocusco.com<\/strong><\/a><\/p>\n<\/div>\n<p><\/p>","protected":false},"excerpt":{"rendered":"<p>Al usar nuestra p\u00e1gina web y acceder a cualquiera de nuestros servicios, usted comprende y acepta nuestra pol\u00edtica de privacidad. Qu\u00e9 informaci\u00f3n recopilamos de nuestros clientes. To Cusco &amp; Q\u2019ente Travel, operador Per\u00fa \u2013 Machupicchu, mediante su p\u00e1gina web recopila informaci\u00f3n personal de sus clientes tales como el nombre completo, edad, nacionalidad, n\u00famero de documento [&hellip;]<\/p>\n","protected":false},"author":1,"featured_media":63,"parent":0,"menu_order":0,"comment_status":"closed","ping_status":"closed","template":"","meta":{"footnotes":""},"yoast_head":"<!-- This site is optimized with the Yoast SEO plugin v17.6 - https:\/\/yoast.com\/wordpress\/plugins\/seo\/ -->\n<meta name=\"robots\" content=\"index, follow, max-snippet:-1, max-image-preview:large, max-video-preview:-1\" \/>\n<link rel=\"canonical\" href=\"https:\/\/tocusco.com\/politica-privacidad\" \/>\n<meta property=\"og:locale\" content=\"en_US\" \/>\n<meta property=\"og:type\" content=\"article\" \/>\n<meta property=\"og:title\" content=\"Privacy Policy - To Cusco\" \/>\n<meta property=\"og:description\" content=\"Al usar nuestra p\u00e1gina web y acceder a cualquiera de nuestros servicios, usted comprende y acepta nuestra pol\u00edtica de privacidad. Qu\u00e9 informaci\u00f3n recopilamos de nuestros clientes. To Cusco &amp; Q\u2019ente Travel, operador Per\u00fa \u2013 Machupicchu, mediante su p\u00e1gina web recopila informaci\u00f3n personal de sus clientes tales como el nombre completo, edad, nacionalidad, n\u00famero de documento [&hellip;]\" \/>\n<meta property=\"og:url\" content=\"https:\/\/tocusco.com\/politica-privacidad\" \/>\n<meta property=\"og:site_name\" content=\"To Cusco\" \/>\n<meta property=\"article:modified_time\" content=\"2019-02-20T22:43:38+00:00\" \/>\n<meta property=\"og:image\" content=\"https:\/\/tocusco.com\/wp-content\/uploads\/2019\/02\/banner_home.png\" \/>\n\t<meta property=\"og:image:width\" content=\"2000\" \/>\n\t<meta property=\"og:image:height\" content=\"1330\" \/>\n<meta name=\"twitter:card\" content=\"summary\" \/>\n<meta name=\"twitter:label1\" content=\"Est. reading time\" \/>\n\t<meta name=\"twitter:data1\" content=\"3 minutes\" \/>\n<script type=\"application\/ld+json\" class=\"yoast-schema-graph\">{\"@context\":\"https:\/\/schema.org\",\"@graph\":[{\"@type\":\"WebSite\",\"@id\":\"https:\/\/tocusco.com\/#website\",\"url\":\"https:\/\/tocusco.com\/\",\"name\":\"To Cusco\",\"description\":\"We are passionate about facilitating your stay with the best tourist services and unique experiences of our culture.\",\"potentialAction\":[{\"@type\":\"SearchAction\",\"target\":{\"@type\":\"EntryPoint\",\"urlTemplate\":\"https:\/\/tocusco.com\/?s={search_term_string}\"},\"query-input\":\"required name=search_term_string\"}],\"inLanguage\":\"en-US\"},{\"@type\":\"ImageObject\",\"@id\":\"https:\/\/tocusco.com\/politica-privacidad#primaryimage\",\"inLanguage\":\"en-US\",\"url\":\"https:\/\/tocusco.com\/wp-content\/uploads\/2019\/02\/banner_home.png\",\"contentUrl\":\"https:\/\/tocusco.com\/wp-content\/uploads\/2019\/02\/banner_home.png\",\"width\":2000,\"height\":1330},{\"@type\":\"WebPage\",\"@id\":\"https:\/\/tocusco.com\/politica-privacidad#webpage\",\"url\":\"https:\/\/tocusco.com\/politica-privacidad\",\"name\":\"[:es]Pol\\u00edtica de privacidad[:en]Privacy Policy[:] - To Cusco\",\"isPartOf\":{\"@id\":\"https:\/\/tocusco.com\/#website\"},\"primaryImageOfPage\":{\"@id\":\"https:\/\/tocusco.com\/politica-privacidad#primaryimage\"},\"datePublished\":\"2019-01-28T17:45:13+00:00\",\"dateModified\":\"2019-02-20T22:43:38+00:00\",\"breadcrumb\":{\"@id\":\"https:\/\/tocusco.com\/politica-privacidad#breadcrumb\"},\"inLanguage\":\"en-US\",\"potentialAction\":[{\"@type\":\"ReadAction\",\"target\":[\"https:\/\/tocusco.com\/politica-privacidad\"]}]},{\"@type\":\"BreadcrumbList\",\"@id\":\"https:\/\/tocusco.com\/politica-privacidad#breadcrumb\",\"itemListElement\":[{\"@type\":\"ListItem\",\"position\":1,\"name\":\"Home\",\"item\":\"https:\/\/tocusco.com\/\"},{\"@type\":\"ListItem\",\"position\":2,\"name\":\"Pol\\u00edtica de privacidad\"}]}]}<\/script>\n<!-- \/ Yoast SEO plugin. -->","yoast_head_json":{"robots":{"index":"index","follow":"follow","max-snippet":"max-snippet:-1","max-image-preview":"max-image-preview:large","max-video-preview":"max-video-preview:-1"},"canonical":"https:\/\/tocusco.com\/politica-privacidad","og_locale":"en_US","og_type":"article","og_title":"Privacy Policy - To Cusco","og_description":"Al usar nuestra p\u00e1gina web y acceder a cualquiera de nuestros servicios, usted comprende y acepta nuestra pol\u00edtica de privacidad. Qu\u00e9 informaci\u00f3n recopilamos de nuestros clientes. To Cusco &amp; Q\u2019ente Travel, operador Per\u00fa \u2013 Machupicchu, mediante su p\u00e1gina web recopila informaci\u00f3n personal de sus clientes tales como el nombre completo, edad, nacionalidad, n\u00famero de documento [&hellip;]","og_url":"https:\/\/tocusco.com\/politica-privacidad","og_site_name":"To Cusco","article_modified_time":"2019-02-20T22:43:38+00:00","og_image":[{"width":2000,"height":1330,"url":"https:\/\/tocusco.com\/wp-content\/uploads\/2019\/02\/banner_home.png","type":"image\/png"}],"twitter_card":"summary","twitter_misc":{"Est. reading time":"3 minutes"},"schema":{"@context":"https:\/\/schema.org","@graph":[{"@type":"WebSite","@id":"https:\/\/tocusco.com\/#website","url":"https:\/\/tocusco.com\/","name":"To Cusco","description":"We are passionate about facilitating your stay with the best tourist services and unique experiences of our culture.","potentialAction":[{"@type":"SearchAction","target":{"@type":"EntryPoint","urlTemplate":"https:\/\/tocusco.com\/?s={search_term_string}"},"query-input":"required name=search_term_string"}],"inLanguage":"en-US"},{"@type":"ImageObject","@id":"https:\/\/tocusco.com\/politica-privacidad#primaryimage","inLanguage":"en-US","url":"https:\/\/tocusco.com\/wp-content\/uploads\/2019\/02\/banner_home.png","contentUrl":"https:\/\/tocusco.com\/wp-content\/uploads\/2019\/02\/banner_home.png","width":2000,"height":1330},{"@type":"WebPage","@id":"https:\/\/tocusco.com\/politica-privacidad#webpage","url":"https:\/\/tocusco.com\/politica-privacidad","name":"[:es]Pol\u00edtica de privacidad[:en]Privacy Policy[:] - To Cusco","isPartOf":{"@id":"https:\/\/tocusco.com\/#website"},"primaryImageOfPage":{"@id":"https:\/\/tocusco.com\/politica-privacidad#primaryimage"},"datePublished":"2019-01-28T17:45:13+00:00","dateModified":"2019-02-20T22:43:38+00:00","breadcrumb":{"@id":"https:\/\/tocusco.com\/politica-privacidad#breadcrumb"},"inLanguage":"en-US","potentialAction":[{"@type":"ReadAction","target":["https:\/\/tocusco.com\/politica-privacidad"]}]},{"@type":"BreadcrumbList","@id":"https:\/\/tocusco.com\/politica-privacidad#breadcrumb","itemListElement":[{"@type":"ListItem","position":1,"name":"Home","item":"https:\/\/tocusco.com\/"},{"@type":"ListItem","position":2,"name":"Pol\u00edtica de privacidad"}]}]}},"_links":{"self":[{"href":"https:\/\/tocusco.com\/en\/wp-json\/wp\/v2\/pages\/3"}],"collection":[{"href":"https:\/\/tocusco.com\/en\/wp-json\/wp\/v2\/pages"}],"about":[{"href":"https:\/\/tocusco.com\/en\/wp-json\/wp\/v2\/types\/page"}],"author":[{"embeddable":true,"href":"https:\/\/tocusco.com\/en\/wp-json\/wp\/v2\/users\/1"}],"replies":[{"embeddable":true,"href":"https:\/\/tocusco.com\/en\/wp-json\/wp\/v2\/comments?post=3"}],"version-history":[{"count":11,"href":"https:\/\/tocusco.com\/en\/wp-json\/wp\/v2\/pages\/3\/revisions"}],"predecessor-version":[{"id":148,"href":"https:\/\/tocusco.com\/en\/wp-json\/wp\/v2\/pages\/3\/revisions\/148"}],"wp:featuredmedia":[{"embeddable":true,"href":"https:\/\/tocusco.com\/en\/wp-json\/wp\/v2\/media\/63"}],"wp:attachment":[{"href":"https:\/\/tocusco.com\/en\/wp-json\/wp\/v2\/media?parent=3"}],"curies":[{"name":"wp","href":"https:\/\/api.w.org\/{rel}","templated":true}]}}