
{"id":119,"date":"2019-02-19T16:32:58","date_gmt":"2019-02-19T16:32:58","guid":{"rendered":"https:\/\/tocusco.com\/?post_type=product&#038;p=119"},"modified":"2019-02-28T17:09:47","modified_gmt":"2019-02-28T17:09:47","slug":"montana-arcoiris","status":"publish","type":"product","link":"https:\/\/tocusco.com\/en\/producto\/montana-arcoiris","title":{"rendered":"Monta\u00f1a Arcoiris"},"content":{"rendered":"<p class=\"qtranxs-available-languages-message qtranxs-available-languages-message-en\">Sorry, this entry is only available in <a href=\"https:\/\/tocusco.com\/es\/wp-json\/wp\/v2\/product\/119\" class=\"qtranxs-available-language-link qtranxs-available-language-link-es\" title=\"Espa\u00f1ol\">European Spanish<\/a>.<\/p>","protected":false},"excerpt":{"rendered":"<p class=\"qtranxs-available-languages-message qtranxs-available-languages-message-en\">Sorry, this entry is only available in <a href=\"https:\/\/tocusco.com\/es\/wp-json\/wp\/v2\/product\/119\" class=\"qtranxs-available-language-link qtranxs-available-language-link-es\" title=\"Espa\u00f1ol\">European Spanish<\/a>.<\/p>\n","protected":false},"featured_media":122,"comment_status":"open","ping_status":"closed","template":"","meta":[],"product_cat":[28],"product_tag":[],"yoast_head":"<!-- This site is optimized with the Yoast SEO plugin v17.6 - https:\/\/yoast.com\/wordpress\/plugins\/seo\/ -->\n<meta name=\"robots\" content=\"index, follow, max-snippet:-1, max-image-preview:large, max-video-preview:-1\" \/>\n<link rel=\"canonical\" href=\"https:\/\/tocusco.com\/producto\/montana-arcoiris\" \/>\n<meta property=\"og:locale\" content=\"en_US\" \/>\n<meta property=\"og:type\" content=\"article\" \/>\n<meta property=\"og:title\" content=\"Monta\u00f1a Arcoiris - To Cusco\" \/>\n<meta property=\"og:description\" content=\"(Espa\u00f1ol) \u00a1Catalogada por la National Geographic como uno de los 100 lugares de visita antes de morir! Este impresionante y aun colorido lugar est\u00e1 ubicada en la quinta monta\u00f1a m\u00e1s alta de Per\u00fa y su visita se est\u00e1 volviendo casi obligada por la belleza paisajista de la zona.\" \/>\n<meta property=\"og:url\" content=\"https:\/\/tocusco.com\/producto\/montana-arcoiris\" \/>\n<meta property=\"og:site_name\" content=\"To Cusco\" \/>\n<meta property=\"article:modified_time\" content=\"2019-02-28T17:09:47+00:00\" \/>\n<meta property=\"og:image\" content=\"https:\/\/tocusco.com\/wp-content\/uploads\/2019\/02\/montana-de-siete-colores.jpg\" \/>\n\t<meta property=\"og:image:width\" content=\"830\" \/>\n\t<meta property=\"og:image:height\" content=\"467\" \/>\n<meta name=\"twitter:card\" content=\"summary\" \/>\n<meta name=\"twitter:label1\" content=\"Est. reading time\" \/>\n\t<meta name=\"twitter:data1\" content=\"1 minute\" \/>\n<script type=\"application\/ld+json\" class=\"yoast-schema-graph\">{\"@context\":\"https:\/\/schema.org\",\"@graph\":[{\"@type\":\"WebSite\",\"@id\":\"https:\/\/tocusco.com\/#website\",\"url\":\"https:\/\/tocusco.com\/\",\"name\":\"To Cusco\",\"description\":\"We are passionate about facilitating your stay with the best tourist services and unique experiences of our culture.\",\"potentialAction\":[{\"@type\":\"SearchAction\",\"target\":{\"@type\":\"EntryPoint\",\"urlTemplate\":\"https:\/\/tocusco.com\/?s={search_term_string}\"},\"query-input\":\"required name=search_term_string\"}],\"inLanguage\":\"en-US\"},{\"@type\":\"ImageObject\",\"@id\":\"https:\/\/tocusco.com\/producto\/montana-arcoiris#primaryimage\",\"inLanguage\":\"en-US\",\"url\":\"https:\/\/tocusco.com\/wp-content\/uploads\/2019\/02\/montana-de-siete-colores.jpg\",\"contentUrl\":\"https:\/\/tocusco.com\/wp-content\/uploads\/2019\/02\/montana-de-siete-colores.jpg\",\"width\":830,\"height\":467},{\"@type\":\"WebPage\",\"@id\":\"https:\/\/tocusco.com\/producto\/montana-arcoiris#webpage\",\"url\":\"https:\/\/tocusco.com\/producto\/montana-arcoiris\",\"name\":\"Monta\\u00f1a Arcoiris - To Cusco\",\"isPartOf\":{\"@id\":\"https:\/\/tocusco.com\/#website\"},\"primaryImageOfPage\":{\"@id\":\"https:\/\/tocusco.com\/producto\/montana-arcoiris#primaryimage\"},\"datePublished\":\"2019-02-19T16:32:58+00:00\",\"dateModified\":\"2019-02-28T17:09:47+00:00\",\"breadcrumb\":{\"@id\":\"https:\/\/tocusco.com\/producto\/montana-arcoiris#breadcrumb\"},\"inLanguage\":\"en-US\",\"potentialAction\":[{\"@type\":\"ReadAction\",\"target\":[\"https:\/\/tocusco.com\/producto\/montana-arcoiris\"]}]},{\"@type\":\"BreadcrumbList\",\"@id\":\"https:\/\/tocusco.com\/producto\/montana-arcoiris#breadcrumb\",\"itemListElement\":[{\"@type\":\"ListItem\",\"position\":1,\"name\":\"Home\",\"item\":\"https:\/\/tocusco.com\/\"},{\"@type\":\"ListItem\",\"position\":2,\"name\":\"Tienda\",\"item\":\"https:\/\/tocusco.com\/tienda\"},{\"@type\":\"ListItem\",\"position\":3,\"name\":\"Monta\\u00f1a Arcoiris\"}]}]}<\/script>\n<!-- \/ Yoast SEO plugin. -->","yoast_head_json":{"robots":{"index":"index","follow":"follow","max-snippet":"max-snippet:-1","max-image-preview":"max-image-preview:large","max-video-preview":"max-video-preview:-1"},"canonical":"https:\/\/tocusco.com\/producto\/montana-arcoiris","og_locale":"en_US","og_type":"article","og_title":"Monta\u00f1a Arcoiris - To Cusco","og_description":"(Espa\u00f1ol) \u00a1Catalogada por la National Geographic como uno de los 100 lugares de visita antes de morir! Este impresionante y aun colorido lugar est\u00e1 ubicada en la quinta monta\u00f1a m\u00e1s alta de Per\u00fa y su visita se est\u00e1 volviendo casi obligada por la belleza paisajista de la zona.","og_url":"https:\/\/tocusco.com\/producto\/montana-arcoiris","og_site_name":"To Cusco","article_modified_time":"2019-02-28T17:09:47+00:00","og_image":[{"width":830,"height":467,"url":"https:\/\/tocusco.com\/wp-content\/uploads\/2019\/02\/montana-de-siete-colores.jpg","type":"image\/jpeg"}],"twitter_card":"summary","twitter_misc":{"Est. reading time":"1 minute"},"schema":{"@context":"https:\/\/schema.org","@graph":[{"@type":"WebSite","@id":"https:\/\/tocusco.com\/#website","url":"https:\/\/tocusco.com\/","name":"To Cusco","description":"We are passionate about facilitating your stay with the best tourist services and unique experiences of our culture.","potentialAction":[{"@type":"SearchAction","target":{"@type":"EntryPoint","urlTemplate":"https:\/\/tocusco.com\/?s={search_term_string}"},"query-input":"required name=search_term_string"}],"inLanguage":"en-US"},{"@type":"ImageObject","@id":"https:\/\/tocusco.com\/producto\/montana-arcoiris#primaryimage","inLanguage":"en-US","url":"https:\/\/tocusco.com\/wp-content\/uploads\/2019\/02\/montana-de-siete-colores.jpg","contentUrl":"https:\/\/tocusco.com\/wp-content\/uploads\/2019\/02\/montana-de-siete-colores.jpg","width":830,"height":467},{"@type":"WebPage","@id":"https:\/\/tocusco.com\/producto\/montana-arcoiris#webpage","url":"https:\/\/tocusco.com\/producto\/montana-arcoiris","name":"Monta\u00f1a Arcoiris - To Cusco","isPartOf":{"@id":"https:\/\/tocusco.com\/#website"},"primaryImageOfPage":{"@id":"https:\/\/tocusco.com\/producto\/montana-arcoiris#primaryimage"},"datePublished":"2019-02-19T16:32:58+00:00","dateModified":"2019-02-28T17:09:47+00:00","breadcrumb":{"@id":"https:\/\/tocusco.com\/producto\/montana-arcoiris#breadcrumb"},"inLanguage":"en-US","potentialAction":[{"@type":"ReadAction","target":["https:\/\/tocusco.com\/producto\/montana-arcoiris"]}]},{"@type":"BreadcrumbList","@id":"https:\/\/tocusco.com\/producto\/montana-arcoiris#breadcrumb","itemListElement":[{"@type":"ListItem","position":1,"name":"Home","item":"https:\/\/tocusco.com\/"},{"@type":"ListItem","position":2,"name":"Tienda","item":"https:\/\/tocusco.com\/tienda"},{"@type":"ListItem","position":3,"name":"Monta\u00f1a Arcoiris"}]}]}},"_links":{"self":[{"href":"https:\/\/tocusco.com\/en\/wp-json\/wp\/v2\/product\/119"}],"collection":[{"href":"https:\/\/tocusco.com\/en\/wp-json\/wp\/v2\/product"}],"about":[{"href":"https:\/\/tocusco.com\/en\/wp-json\/wp\/v2\/types\/product"}],"replies":[{"embeddable":true,"href":"https:\/\/tocusco.com\/en\/wp-json\/wp\/v2\/comments?post=119"}],"wp:featuredmedia":[{"embeddable":true,"href":"https:\/\/tocusco.com\/en\/wp-json\/wp\/v2\/media\/122"}],"wp:attachment":[{"href":"https:\/\/tocusco.com\/en\/wp-json\/wp\/v2\/media?parent=119"}],"wp:term":[{"taxonomy":"product_cat","embeddable":true,"href":"https:\/\/tocusco.com\/en\/wp-json\/wp\/v2\/product_cat?post=119"},{"taxonomy":"product_tag","embeddable":true,"href":"https:\/\/tocusco.com\/en\/wp-json\/wp\/v2\/product_tag?post=119"}],"curies":[{"name":"wp","href":"https:\/\/api.w.org\/{rel}","templated":true}]}}