
{"id":182,"date":"2019-02-25T17:24:51","date_gmt":"2019-02-25T17:24:51","guid":{"rendered":"https:\/\/tocusco.com\/?post_type=product&#038;p=182"},"modified":"2021-11-22T01:56:01","modified_gmt":"2021-11-22T01:56:01","slug":"machupicchu-en-peru-rail","status":"publish","type":"product","link":"https:\/\/tocusco.com\/en\/producto\/machupicchu-en-peru-rail","title":{"rendered":"Machupicchu en Per\u00fa Rail"},"content":{"rendered":"<p class=\"qtranxs-available-languages-message qtranxs-available-languages-message-en\">Sorry, this entry is only available in <a href=\"https:\/\/tocusco.com\/es\/wp-json\/wp\/v2\/product\/182\" class=\"qtranxs-available-language-link qtranxs-available-language-link-es\" title=\"Espa\u00f1ol\">European Spanish<\/a>.<\/p>","protected":false},"excerpt":{"rendered":"<p class=\"qtranxs-available-languages-message qtranxs-available-languages-message-en\">Sorry, this entry is only available in <a href=\"https:\/\/tocusco.com\/es\/wp-json\/wp\/v2\/product\/182\" class=\"qtranxs-available-language-link qtranxs-available-language-link-es\" title=\"Espa\u00f1ol\">European Spanish<\/a>.<\/p>\n","protected":false},"featured_media":181,"comment_status":"open","ping_status":"closed","template":"","meta":[],"product_cat":[28],"product_tag":[],"yoast_head":"<!-- This site is optimized with the Yoast SEO plugin v17.6 - https:\/\/yoast.com\/wordpress\/plugins\/seo\/ -->\n<meta name=\"robots\" content=\"index, follow, max-snippet:-1, max-image-preview:large, max-video-preview:-1\" \/>\n<link rel=\"canonical\" href=\"https:\/\/tocusco.com\/producto\/machupicchu-en-peru-rail\" \/>\n<meta property=\"og:locale\" content=\"en_US\" \/>\n<meta property=\"og:type\" content=\"article\" \/>\n<meta property=\"og:title\" content=\"Machupicchu en Per\u00fa Rail - To Cusco\" \/>\n<meta property=\"og:description\" content=\"(Espa\u00f1ol) Machupicchu es una ciudadela inca ubicada en las alturas de las monta\u00f1as de los Andes en Per\u00fa, sobre el valle del r\u00edo Urubamba. Se construy\u00f3 en el siglo XV y luego fue abandonada, y es famosa por sus sofisticadas paredes de piedra seca que combinan enormes bloques sin el uso de un mortero, los edificios fascinantes que se relacionan con las alineaciones astron\u00f3micas y sus vistas panor\u00e1micas. El uso exacto que tuvo sigue siendo un misterio.\" \/>\n<meta property=\"og:url\" content=\"https:\/\/tocusco.com\/producto\/machupicchu-en-peru-rail\" \/>\n<meta property=\"og:site_name\" content=\"To Cusco\" \/>\n<meta property=\"article:modified_time\" content=\"2021-11-22T01:56:01+00:00\" \/>\n<meta property=\"og:image\" content=\"https:\/\/tocusco.com\/wp-content\/uploads\/2019\/02\/2011-06-26-12.24.55-.jpg\" \/>\n\t<meta property=\"og:image:width\" content=\"1024\" \/>\n\t<meta property=\"og:image:height\" content=\"768\" \/>\n<meta name=\"twitter:card\" content=\"summary\" \/>\n<meta name=\"twitter:label1\" content=\"Est. reading time\" \/>\n\t<meta name=\"twitter:data1\" content=\"1 minute\" \/>\n<script type=\"application\/ld+json\" class=\"yoast-schema-graph\">{\"@context\":\"https:\/\/schema.org\",\"@graph\":[{\"@type\":\"WebSite\",\"@id\":\"https:\/\/tocusco.com\/#website\",\"url\":\"https:\/\/tocusco.com\/\",\"name\":\"To Cusco\",\"description\":\"We are passionate about facilitating your stay with the best tourist services and unique experiences of our culture.\",\"potentialAction\":[{\"@type\":\"SearchAction\",\"target\":{\"@type\":\"EntryPoint\",\"urlTemplate\":\"https:\/\/tocusco.com\/?s={search_term_string}\"},\"query-input\":\"required name=search_term_string\"}],\"inLanguage\":\"en-US\"},{\"@type\":\"ImageObject\",\"@id\":\"https:\/\/tocusco.com\/producto\/machupicchu-en-peru-rail#primaryimage\",\"inLanguage\":\"en-US\",\"url\":\"https:\/\/tocusco.com\/wp-content\/uploads\/2019\/02\/2011-06-26-12.24.55-.jpg\",\"contentUrl\":\"https:\/\/tocusco.com\/wp-content\/uploads\/2019\/02\/2011-06-26-12.24.55-.jpg\",\"width\":1024,\"height\":768},{\"@type\":\"WebPage\",\"@id\":\"https:\/\/tocusco.com\/producto\/machupicchu-en-peru-rail#webpage\",\"url\":\"https:\/\/tocusco.com\/producto\/machupicchu-en-peru-rail\",\"name\":\"Machupicchu en Per\\u00fa Rail - To Cusco\",\"isPartOf\":{\"@id\":\"https:\/\/tocusco.com\/#website\"},\"primaryImageOfPage\":{\"@id\":\"https:\/\/tocusco.com\/producto\/machupicchu-en-peru-rail#primaryimage\"},\"datePublished\":\"2019-02-25T17:24:51+00:00\",\"dateModified\":\"2021-11-22T01:56:01+00:00\",\"breadcrumb\":{\"@id\":\"https:\/\/tocusco.com\/producto\/machupicchu-en-peru-rail#breadcrumb\"},\"inLanguage\":\"en-US\",\"potentialAction\":[{\"@type\":\"ReadAction\",\"target\":[\"https:\/\/tocusco.com\/producto\/machupicchu-en-peru-rail\"]}]},{\"@type\":\"BreadcrumbList\",\"@id\":\"https:\/\/tocusco.com\/producto\/machupicchu-en-peru-rail#breadcrumb\",\"itemListElement\":[{\"@type\":\"ListItem\",\"position\":1,\"name\":\"Home\",\"item\":\"https:\/\/tocusco.com\/\"},{\"@type\":\"ListItem\",\"position\":2,\"name\":\"Tienda\",\"item\":\"https:\/\/tocusco.com\/tienda\"},{\"@type\":\"ListItem\",\"position\":3,\"name\":\"Machupicchu en Per\\u00fa Rail\"}]}]}<\/script>\n<!-- \/ Yoast SEO plugin. -->","yoast_head_json":{"robots":{"index":"index","follow":"follow","max-snippet":"max-snippet:-1","max-image-preview":"max-image-preview:large","max-video-preview":"max-video-preview:-1"},"canonical":"https:\/\/tocusco.com\/producto\/machupicchu-en-peru-rail","og_locale":"en_US","og_type":"article","og_title":"Machupicchu en Per\u00fa Rail - To Cusco","og_description":"(Espa\u00f1ol) Machupicchu es una ciudadela inca ubicada en las alturas de las monta\u00f1as de los Andes en Per\u00fa, sobre el valle del r\u00edo Urubamba. Se construy\u00f3 en el siglo XV y luego fue abandonada, y es famosa por sus sofisticadas paredes de piedra seca que combinan enormes bloques sin el uso de un mortero, los edificios fascinantes que se relacionan con las alineaciones astron\u00f3micas y sus vistas panor\u00e1micas. El uso exacto que tuvo sigue siendo un misterio.","og_url":"https:\/\/tocusco.com\/producto\/machupicchu-en-peru-rail","og_site_name":"To Cusco","article_modified_time":"2021-11-22T01:56:01+00:00","og_image":[{"width":1024,"height":768,"url":"https:\/\/tocusco.com\/wp-content\/uploads\/2019\/02\/2011-06-26-12.24.55-.jpg","type":"image\/jpeg"}],"twitter_card":"summary","twitter_misc":{"Est. reading time":"1 minute"},"schema":{"@context":"https:\/\/schema.org","@graph":[{"@type":"WebSite","@id":"https:\/\/tocusco.com\/#website","url":"https:\/\/tocusco.com\/","name":"To Cusco","description":"We are passionate about facilitating your stay with the best tourist services and unique experiences of our culture.","potentialAction":[{"@type":"SearchAction","target":{"@type":"EntryPoint","urlTemplate":"https:\/\/tocusco.com\/?s={search_term_string}"},"query-input":"required name=search_term_string"}],"inLanguage":"en-US"},{"@type":"ImageObject","@id":"https:\/\/tocusco.com\/producto\/machupicchu-en-peru-rail#primaryimage","inLanguage":"en-US","url":"https:\/\/tocusco.com\/wp-content\/uploads\/2019\/02\/2011-06-26-12.24.55-.jpg","contentUrl":"https:\/\/tocusco.com\/wp-content\/uploads\/2019\/02\/2011-06-26-12.24.55-.jpg","width":1024,"height":768},{"@type":"WebPage","@id":"https:\/\/tocusco.com\/producto\/machupicchu-en-peru-rail#webpage","url":"https:\/\/tocusco.com\/producto\/machupicchu-en-peru-rail","name":"Machupicchu en Per\u00fa Rail - To Cusco","isPartOf":{"@id":"https:\/\/tocusco.com\/#website"},"primaryImageOfPage":{"@id":"https:\/\/tocusco.com\/producto\/machupicchu-en-peru-rail#primaryimage"},"datePublished":"2019-02-25T17:24:51+00:00","dateModified":"2021-11-22T01:56:01+00:00","breadcrumb":{"@id":"https:\/\/tocusco.com\/producto\/machupicchu-en-peru-rail#breadcrumb"},"inLanguage":"en-US","potentialAction":[{"@type":"ReadAction","target":["https:\/\/tocusco.com\/producto\/machupicchu-en-peru-rail"]}]},{"@type":"BreadcrumbList","@id":"https:\/\/tocusco.com\/producto\/machupicchu-en-peru-rail#breadcrumb","itemListElement":[{"@type":"ListItem","position":1,"name":"Home","item":"https:\/\/tocusco.com\/"},{"@type":"ListItem","position":2,"name":"Tienda","item":"https:\/\/tocusco.com\/tienda"},{"@type":"ListItem","position":3,"name":"Machupicchu en Per\u00fa Rail"}]}]}},"_links":{"self":[{"href":"https:\/\/tocusco.com\/en\/wp-json\/wp\/v2\/product\/182"}],"collection":[{"href":"https:\/\/tocusco.com\/en\/wp-json\/wp\/v2\/product"}],"about":[{"href":"https:\/\/tocusco.com\/en\/wp-json\/wp\/v2\/types\/product"}],"replies":[{"embeddable":true,"href":"https:\/\/tocusco.com\/en\/wp-json\/wp\/v2\/comments?post=182"}],"wp:featuredmedia":[{"embeddable":true,"href":"https:\/\/tocusco.com\/en\/wp-json\/wp\/v2\/media\/181"}],"wp:attachment":[{"href":"https:\/\/tocusco.com\/en\/wp-json\/wp\/v2\/media?parent=182"}],"wp:term":[{"taxonomy":"product_cat","embeddable":true,"href":"https:\/\/tocusco.com\/en\/wp-json\/wp\/v2\/product_cat?post=182"},{"taxonomy":"product_tag","embeddable":true,"href":"https:\/\/tocusco.com\/en\/wp-json\/wp\/v2\/product_tag?post=182"}],"curies":[{"name":"wp","href":"https:\/\/api.w.org\/{rel}","templated":true}]}}