
{"id":351,"date":"2020-01-17T01:37:59","date_gmt":"2020-01-17T01:37:59","guid":{"rendered":"https:\/\/tocusco.com\/?post_type=product&#038;p=351"},"modified":"2021-11-05T03:00:01","modified_gmt":"2021-11-05T03:00:01","slug":"tour-tradicional-cusco-3-dias","status":"publish","type":"product","link":"https:\/\/tocusco.com\/en\/producto\/tour-tradicional-cusco-3-dias","title":{"rendered":"(Espa\u00f1ol) Lo Mejor del Cusco en 4 fabulosos d\u00edas."},"content":{"rendered":"<p class=\"qtranxs-available-languages-message qtranxs-available-languages-message-en\">Sorry, this entry is only available in <a href=\"https:\/\/tocusco.com\/es\/wp-json\/wp\/v2\/product\/351\" class=\"qtranxs-available-language-link qtranxs-available-language-link-es\" title=\"Espa\u00f1ol\">European Spanish<\/a>.<\/p>","protected":false},"excerpt":{"rendered":"<p class=\"qtranxs-available-languages-message qtranxs-available-languages-message-en\">Sorry, this entry is only available in <a href=\"https:\/\/tocusco.com\/es\/wp-json\/wp\/v2\/product\/351\" class=\"qtranxs-available-language-link qtranxs-available-language-link-es\" title=\"Espa\u00f1ol\">European Spanish<\/a>.<\/p>\n","protected":false},"featured_media":358,"comment_status":"open","ping_status":"closed","template":"","meta":[],"product_cat":[28],"product_tag":[],"yoast_head":"<!-- This site is optimized with the Yoast SEO plugin v17.6 - https:\/\/yoast.com\/wordpress\/plugins\/seo\/ -->\n<meta name=\"robots\" content=\"index, follow, max-snippet:-1, max-image-preview:large, max-video-preview:-1\" \/>\n<link rel=\"canonical\" href=\"https:\/\/tocusco.com\/producto\/tour-tradicional-cusco-3-dias\" \/>\n<meta property=\"og:locale\" content=\"en_US\" \/>\n<meta property=\"og:type\" content=\"article\" \/>\n<meta property=\"og:title\" content=\"(Espa\u00f1ol) Lo Mejor del Cusco en 4 fabulosos d\u00edas. - To Cusco\" \/>\n<meta property=\"og:description\" content=\"(Espa\u00f1ol) 4 D\u00edas \/3 Noches Disfrutando de Cusco y sus joyas escondidas, incluye (Transporte, Tickets de Ingreso, Gu\u00edas Profesionales y asistencia las 24 hrs para cualquier consulta). m\u00e1s de 10 lugares de interes en 4 fantasticos d\u00edas en Cusco, Valle Sagrado y Machupicchu.\" \/>\n<meta property=\"og:url\" content=\"https:\/\/tocusco.com\/producto\/tour-tradicional-cusco-3-dias\" \/>\n<meta property=\"og:site_name\" content=\"To Cusco\" \/>\n<meta property=\"article:modified_time\" content=\"2021-11-05T03:00:01+00:00\" \/>\n<meta property=\"og:image\" content=\"https:\/\/tocusco.com\/wp-content\/uploads\/2020\/01\/Paquete-3-dias-rectangular.jpg\" \/>\n\t<meta property=\"og:image:width\" content=\"1080\" \/>\n\t<meta property=\"og:image:height\" content=\"810\" \/>\n<meta name=\"twitter:card\" content=\"summary\" \/>\n<meta name=\"twitter:label1\" content=\"Est. reading time\" \/>\n\t<meta name=\"twitter:data1\" content=\"2 minutes\" \/>\n<script type=\"application\/ld+json\" class=\"yoast-schema-graph\">{\"@context\":\"https:\/\/schema.org\",\"@graph\":[{\"@type\":\"WebSite\",\"@id\":\"https:\/\/tocusco.com\/#website\",\"url\":\"https:\/\/tocusco.com\/\",\"name\":\"To Cusco\",\"description\":\"We are passionate about facilitating your stay with the best tourist services and unique experiences of our culture.\",\"potentialAction\":[{\"@type\":\"SearchAction\",\"target\":{\"@type\":\"EntryPoint\",\"urlTemplate\":\"https:\/\/tocusco.com\/?s={search_term_string}\"},\"query-input\":\"required name=search_term_string\"}],\"inLanguage\":\"en-US\"},{\"@type\":\"ImageObject\",\"@id\":\"https:\/\/tocusco.com\/producto\/tour-tradicional-cusco-3-dias#primaryimage\",\"inLanguage\":\"en-US\",\"url\":\"https:\/\/tocusco.com\/wp-content\/uploads\/2020\/01\/Paquete-3-dias-rectangular.jpg\",\"contentUrl\":\"https:\/\/tocusco.com\/wp-content\/uploads\/2020\/01\/Paquete-3-dias-rectangular.jpg\",\"width\":1080,\"height\":810},{\"@type\":\"WebPage\",\"@id\":\"https:\/\/tocusco.com\/producto\/tour-tradicional-cusco-3-dias#webpage\",\"url\":\"https:\/\/tocusco.com\/producto\/tour-tradicional-cusco-3-dias\",\"name\":\"[:es]Lo Mejor del Cusco en 4 fabulosos d\\u00edas.[:] - To Cusco\",\"isPartOf\":{\"@id\":\"https:\/\/tocusco.com\/#website\"},\"primaryImageOfPage\":{\"@id\":\"https:\/\/tocusco.com\/producto\/tour-tradicional-cusco-3-dias#primaryimage\"},\"datePublished\":\"2020-01-17T01:37:59+00:00\",\"dateModified\":\"2021-11-05T03:00:01+00:00\",\"breadcrumb\":{\"@id\":\"https:\/\/tocusco.com\/producto\/tour-tradicional-cusco-3-dias#breadcrumb\"},\"inLanguage\":\"en-US\",\"potentialAction\":[{\"@type\":\"ReadAction\",\"target\":[\"https:\/\/tocusco.com\/producto\/tour-tradicional-cusco-3-dias\"]}]},{\"@type\":\"BreadcrumbList\",\"@id\":\"https:\/\/tocusco.com\/producto\/tour-tradicional-cusco-3-dias#breadcrumb\",\"itemListElement\":[{\"@type\":\"ListItem\",\"position\":1,\"name\":\"Home\",\"item\":\"https:\/\/tocusco.com\/\"},{\"@type\":\"ListItem\",\"position\":2,\"name\":\"Tienda\",\"item\":\"https:\/\/tocusco.com\/tienda\"},{\"@type\":\"ListItem\",\"position\":3,\"name\":\"Lo Mejor del Cusco en 4 fabulosos d\\u00edas.\"}]}]}<\/script>\n<!-- \/ Yoast SEO plugin. -->","yoast_head_json":{"robots":{"index":"index","follow":"follow","max-snippet":"max-snippet:-1","max-image-preview":"max-image-preview:large","max-video-preview":"max-video-preview:-1"},"canonical":"https:\/\/tocusco.com\/producto\/tour-tradicional-cusco-3-dias","og_locale":"en_US","og_type":"article","og_title":"(Espa\u00f1ol) Lo Mejor del Cusco en 4 fabulosos d\u00edas. - To Cusco","og_description":"(Espa\u00f1ol) 4 D\u00edas \/3 Noches Disfrutando de Cusco y sus joyas escondidas, incluye (Transporte, Tickets de Ingreso, Gu\u00edas Profesionales y asistencia las 24 hrs para cualquier consulta). m\u00e1s de 10 lugares de interes en 4 fantasticos d\u00edas en Cusco, Valle Sagrado y Machupicchu.","og_url":"https:\/\/tocusco.com\/producto\/tour-tradicional-cusco-3-dias","og_site_name":"To Cusco","article_modified_time":"2021-11-05T03:00:01+00:00","og_image":[{"width":1080,"height":810,"url":"https:\/\/tocusco.com\/wp-content\/uploads\/2020\/01\/Paquete-3-dias-rectangular.jpg","type":"image\/jpeg"}],"twitter_card":"summary","twitter_misc":{"Est. reading time":"2 minutes"},"schema":{"@context":"https:\/\/schema.org","@graph":[{"@type":"WebSite","@id":"https:\/\/tocusco.com\/#website","url":"https:\/\/tocusco.com\/","name":"To Cusco","description":"We are passionate about facilitating your stay with the best tourist services and unique experiences of our culture.","potentialAction":[{"@type":"SearchAction","target":{"@type":"EntryPoint","urlTemplate":"https:\/\/tocusco.com\/?s={search_term_string}"},"query-input":"required name=search_term_string"}],"inLanguage":"en-US"},{"@type":"ImageObject","@id":"https:\/\/tocusco.com\/producto\/tour-tradicional-cusco-3-dias#primaryimage","inLanguage":"en-US","url":"https:\/\/tocusco.com\/wp-content\/uploads\/2020\/01\/Paquete-3-dias-rectangular.jpg","contentUrl":"https:\/\/tocusco.com\/wp-content\/uploads\/2020\/01\/Paquete-3-dias-rectangular.jpg","width":1080,"height":810},{"@type":"WebPage","@id":"https:\/\/tocusco.com\/producto\/tour-tradicional-cusco-3-dias#webpage","url":"https:\/\/tocusco.com\/producto\/tour-tradicional-cusco-3-dias","name":"[:es]Lo Mejor del Cusco en 4 fabulosos d\u00edas.[:] - To Cusco","isPartOf":{"@id":"https:\/\/tocusco.com\/#website"},"primaryImageOfPage":{"@id":"https:\/\/tocusco.com\/producto\/tour-tradicional-cusco-3-dias#primaryimage"},"datePublished":"2020-01-17T01:37:59+00:00","dateModified":"2021-11-05T03:00:01+00:00","breadcrumb":{"@id":"https:\/\/tocusco.com\/producto\/tour-tradicional-cusco-3-dias#breadcrumb"},"inLanguage":"en-US","potentialAction":[{"@type":"ReadAction","target":["https:\/\/tocusco.com\/producto\/tour-tradicional-cusco-3-dias"]}]},{"@type":"BreadcrumbList","@id":"https:\/\/tocusco.com\/producto\/tour-tradicional-cusco-3-dias#breadcrumb","itemListElement":[{"@type":"ListItem","position":1,"name":"Home","item":"https:\/\/tocusco.com\/"},{"@type":"ListItem","position":2,"name":"Tienda","item":"https:\/\/tocusco.com\/tienda"},{"@type":"ListItem","position":3,"name":"Lo Mejor del Cusco en 4 fabulosos d\u00edas."}]}]}},"_links":{"self":[{"href":"https:\/\/tocusco.com\/en\/wp-json\/wp\/v2\/product\/351"}],"collection":[{"href":"https:\/\/tocusco.com\/en\/wp-json\/wp\/v2\/product"}],"about":[{"href":"https:\/\/tocusco.com\/en\/wp-json\/wp\/v2\/types\/product"}],"replies":[{"embeddable":true,"href":"https:\/\/tocusco.com\/en\/wp-json\/wp\/v2\/comments?post=351"}],"wp:featuredmedia":[{"embeddable":true,"href":"https:\/\/tocusco.com\/en\/wp-json\/wp\/v2\/media\/358"}],"wp:attachment":[{"href":"https:\/\/tocusco.com\/en\/wp-json\/wp\/v2\/media?parent=351"}],"wp:term":[{"taxonomy":"product_cat","embeddable":true,"href":"https:\/\/tocusco.com\/en\/wp-json\/wp\/v2\/product_cat?post=351"},{"taxonomy":"product_tag","embeddable":true,"href":"https:\/\/tocusco.com\/en\/wp-json\/wp\/v2\/product_tag?post=351"}],"curies":[{"name":"wp","href":"https:\/\/api.w.org\/{rel}","templated":true}]}}