
{"id":359,"date":"2020-01-18T02:00:44","date_gmt":"2020-01-18T02:00:44","guid":{"rendered":"https:\/\/tocusco.com\/?post_type=product&#038;p=359"},"modified":"2020-01-29T01:39:18","modified_gmt":"2020-01-29T01:39:18","slug":"private-tour-cusco-3-dias","status":"publish","type":"product","link":"https:\/\/tocusco.com\/en\/producto\/private-tour-cusco-3-dias","title":{"rendered":"Private Tour Machupicchu 3 d\u00edas"},"content":{"rendered":"<p class=\"qtranxs-available-languages-message qtranxs-available-languages-message-en\">Sorry, this entry is only available in <a href=\"https:\/\/tocusco.com\/es\/wp-json\/wp\/v2\/product\/359\" class=\"qtranxs-available-language-link qtranxs-available-language-link-es\" title=\"Espa\u00f1ol\">European Spanish<\/a>.<\/p>","protected":false},"excerpt":{"rendered":"<p class=\"qtranxs-available-languages-message qtranxs-available-languages-message-en\">Sorry, this entry is only available in <a href=\"https:\/\/tocusco.com\/es\/wp-json\/wp\/v2\/product\/359\" class=\"qtranxs-available-language-link qtranxs-available-language-link-es\" title=\"Espa\u00f1ol\">European Spanish<\/a>.<\/p>\n","protected":false},"featured_media":361,"comment_status":"open","ping_status":"closed","template":"","meta":[],"product_cat":[28],"product_tag":[],"yoast_head":"<!-- This site is optimized with the Yoast SEO plugin v17.6 - https:\/\/yoast.com\/wordpress\/plugins\/seo\/ -->\n<meta name=\"robots\" content=\"index, follow, max-snippet:-1, max-image-preview:large, max-video-preview:-1\" \/>\n<link rel=\"canonical\" href=\"https:\/\/tocusco.com\/producto\/private-tour-cusco-3-dias\" \/>\n<meta property=\"og:locale\" content=\"en_US\" \/>\n<meta property=\"og:type\" content=\"article\" \/>\n<meta property=\"og:title\" content=\"Private Tour Machupicchu 3 d\u00edas - To Cusco\" \/>\n<meta property=\"og:description\" content=\"(Espa\u00f1ol) Disfruta de Cusco realizando los tres infaltables tours durante tu visita a Cusco. el paquete incluye 3 d\u00edas y 4 noches todo incluido (Transporte, Tickets de Ingreso, Guiado y Alojamiento). El Primer D\u00eda participaremos del\u00a0City Tour, el Segundo D\u00eda nos acompa\u00f1aras a conocer el Valle Sagrado y el Tercer D\u00eda con un guiado PRIVADO, es decir solo para su grupo, visitaremos\u00a0Machupicchu considerada una de las 7 maravilla del mundo antiguo.\" \/>\n<meta property=\"og:url\" content=\"https:\/\/tocusco.com\/producto\/private-tour-cusco-3-dias\" \/>\n<meta property=\"og:site_name\" content=\"To Cusco\" \/>\n<meta property=\"article:modified_time\" content=\"2020-01-29T01:39:18+00:00\" \/>\n<meta property=\"og:image\" content=\"https:\/\/tocusco.com\/wp-content\/uploads\/2020\/01\/Paquete-3-d\u00edas-privado-rectangular-1.jpg\" \/>\n\t<meta property=\"og:image:width\" content=\"1440\" \/>\n\t<meta property=\"og:image:height\" content=\"1080\" \/>\n<meta name=\"twitter:card\" content=\"summary\" \/>\n<meta name=\"twitter:label1\" content=\"Est. reading time\" \/>\n\t<meta name=\"twitter:data1\" content=\"1 minute\" \/>\n<script type=\"application\/ld+json\" class=\"yoast-schema-graph\">{\"@context\":\"https:\/\/schema.org\",\"@graph\":[{\"@type\":\"WebSite\",\"@id\":\"https:\/\/tocusco.com\/#website\",\"url\":\"https:\/\/tocusco.com\/\",\"name\":\"To Cusco\",\"description\":\"We are passionate about facilitating your stay with the best tourist services and unique experiences of our culture.\",\"potentialAction\":[{\"@type\":\"SearchAction\",\"target\":{\"@type\":\"EntryPoint\",\"urlTemplate\":\"https:\/\/tocusco.com\/?s={search_term_string}\"},\"query-input\":\"required name=search_term_string\"}],\"inLanguage\":\"en-US\"},{\"@type\":\"ImageObject\",\"@id\":\"https:\/\/tocusco.com\/producto\/private-tour-cusco-3-dias#primaryimage\",\"inLanguage\":\"en-US\",\"url\":\"https:\/\/tocusco.com\/wp-content\/uploads\/2020\/01\/Paquete-3-d\\u00edas-privado-rectangular-1.jpg\",\"contentUrl\":\"https:\/\/tocusco.com\/wp-content\/uploads\/2020\/01\/Paquete-3-d\\u00edas-privado-rectangular-1.jpg\",\"width\":1440,\"height\":1080},{\"@type\":\"WebPage\",\"@id\":\"https:\/\/tocusco.com\/producto\/private-tour-cusco-3-dias#webpage\",\"url\":\"https:\/\/tocusco.com\/producto\/private-tour-cusco-3-dias\",\"name\":\"[:es]Tour Privado Machupicchu 3 d\\u00edas[:en]Private Tour Machupicchu 3 d\\u00edas[:] - To Cusco\",\"isPartOf\":{\"@id\":\"https:\/\/tocusco.com\/#website\"},\"primaryImageOfPage\":{\"@id\":\"https:\/\/tocusco.com\/producto\/private-tour-cusco-3-dias#primaryimage\"},\"datePublished\":\"2020-01-18T02:00:44+00:00\",\"dateModified\":\"2020-01-29T01:39:18+00:00\",\"breadcrumb\":{\"@id\":\"https:\/\/tocusco.com\/producto\/private-tour-cusco-3-dias#breadcrumb\"},\"inLanguage\":\"en-US\",\"potentialAction\":[{\"@type\":\"ReadAction\",\"target\":[\"https:\/\/tocusco.com\/producto\/private-tour-cusco-3-dias\"]}]},{\"@type\":\"BreadcrumbList\",\"@id\":\"https:\/\/tocusco.com\/producto\/private-tour-cusco-3-dias#breadcrumb\",\"itemListElement\":[{\"@type\":\"ListItem\",\"position\":1,\"name\":\"Home\",\"item\":\"https:\/\/tocusco.com\/\"},{\"@type\":\"ListItem\",\"position\":2,\"name\":\"Tienda\",\"item\":\"https:\/\/tocusco.com\/tienda\"},{\"@type\":\"ListItem\",\"position\":3,\"name\":\"Tour Privado Machupicchu 3 d\\u00edas\"}]}]}<\/script>\n<!-- \/ Yoast SEO plugin. -->","yoast_head_json":{"robots":{"index":"index","follow":"follow","max-snippet":"max-snippet:-1","max-image-preview":"max-image-preview:large","max-video-preview":"max-video-preview:-1"},"canonical":"https:\/\/tocusco.com\/producto\/private-tour-cusco-3-dias","og_locale":"en_US","og_type":"article","og_title":"Private Tour Machupicchu 3 d\u00edas - To Cusco","og_description":"(Espa\u00f1ol) Disfruta de Cusco realizando los tres infaltables tours durante tu visita a Cusco. el paquete incluye 3 d\u00edas y 4 noches todo incluido (Transporte, Tickets de Ingreso, Guiado y Alojamiento). El Primer D\u00eda participaremos del\u00a0City Tour, el Segundo D\u00eda nos acompa\u00f1aras a conocer el Valle Sagrado y el Tercer D\u00eda con un guiado PRIVADO, es decir solo para su grupo, visitaremos\u00a0Machupicchu considerada una de las 7 maravilla del mundo antiguo.","og_url":"https:\/\/tocusco.com\/producto\/private-tour-cusco-3-dias","og_site_name":"To Cusco","article_modified_time":"2020-01-29T01:39:18+00:00","og_image":[{"width":1440,"height":1080,"url":"https:\/\/tocusco.com\/wp-content\/uploads\/2020\/01\/Paquete-3-d\u00edas-privado-rectangular-1.jpg","type":"image\/jpeg"}],"twitter_card":"summary","twitter_misc":{"Est. reading time":"1 minute"},"schema":{"@context":"https:\/\/schema.org","@graph":[{"@type":"WebSite","@id":"https:\/\/tocusco.com\/#website","url":"https:\/\/tocusco.com\/","name":"To Cusco","description":"We are passionate about facilitating your stay with the best tourist services and unique experiences of our culture.","potentialAction":[{"@type":"SearchAction","target":{"@type":"EntryPoint","urlTemplate":"https:\/\/tocusco.com\/?s={search_term_string}"},"query-input":"required name=search_term_string"}],"inLanguage":"en-US"},{"@type":"ImageObject","@id":"https:\/\/tocusco.com\/producto\/private-tour-cusco-3-dias#primaryimage","inLanguage":"en-US","url":"https:\/\/tocusco.com\/wp-content\/uploads\/2020\/01\/Paquete-3-d\u00edas-privado-rectangular-1.jpg","contentUrl":"https:\/\/tocusco.com\/wp-content\/uploads\/2020\/01\/Paquete-3-d\u00edas-privado-rectangular-1.jpg","width":1440,"height":1080},{"@type":"WebPage","@id":"https:\/\/tocusco.com\/producto\/private-tour-cusco-3-dias#webpage","url":"https:\/\/tocusco.com\/producto\/private-tour-cusco-3-dias","name":"[:es]Tour Privado Machupicchu 3 d\u00edas[:en]Private Tour Machupicchu 3 d\u00edas[:] - To Cusco","isPartOf":{"@id":"https:\/\/tocusco.com\/#website"},"primaryImageOfPage":{"@id":"https:\/\/tocusco.com\/producto\/private-tour-cusco-3-dias#primaryimage"},"datePublished":"2020-01-18T02:00:44+00:00","dateModified":"2020-01-29T01:39:18+00:00","breadcrumb":{"@id":"https:\/\/tocusco.com\/producto\/private-tour-cusco-3-dias#breadcrumb"},"inLanguage":"en-US","potentialAction":[{"@type":"ReadAction","target":["https:\/\/tocusco.com\/producto\/private-tour-cusco-3-dias"]}]},{"@type":"BreadcrumbList","@id":"https:\/\/tocusco.com\/producto\/private-tour-cusco-3-dias#breadcrumb","itemListElement":[{"@type":"ListItem","position":1,"name":"Home","item":"https:\/\/tocusco.com\/"},{"@type":"ListItem","position":2,"name":"Tienda","item":"https:\/\/tocusco.com\/tienda"},{"@type":"ListItem","position":3,"name":"Tour Privado Machupicchu 3 d\u00edas"}]}]}},"_links":{"self":[{"href":"https:\/\/tocusco.com\/en\/wp-json\/wp\/v2\/product\/359"}],"collection":[{"href":"https:\/\/tocusco.com\/en\/wp-json\/wp\/v2\/product"}],"about":[{"href":"https:\/\/tocusco.com\/en\/wp-json\/wp\/v2\/types\/product"}],"replies":[{"embeddable":true,"href":"https:\/\/tocusco.com\/en\/wp-json\/wp\/v2\/comments?post=359"}],"wp:featuredmedia":[{"embeddable":true,"href":"https:\/\/tocusco.com\/en\/wp-json\/wp\/v2\/media\/361"}],"wp:attachment":[{"href":"https:\/\/tocusco.com\/en\/wp-json\/wp\/v2\/media?parent=359"}],"wp:term":[{"taxonomy":"product_cat","embeddable":true,"href":"https:\/\/tocusco.com\/en\/wp-json\/wp\/v2\/product_cat?post=359"},{"taxonomy":"product_tag","embeddable":true,"href":"https:\/\/tocusco.com\/en\/wp-json\/wp\/v2\/product_tag?post=359"}],"curies":[{"name":"wp","href":"https:\/\/api.w.org\/{rel}","templated":true}]}}